{"id":116,"date":"2013-08-20T12:33:00","date_gmt":"2013-08-20T12:33:00","guid":{"rendered":"http:\/\/laserraniahotel.com\/web\/?page_id=116"},"modified":"2015-12-03T21:15:22","modified_gmt":"2015-12-03T21:15:22","slug":"noche-romantica","status":"publish","type":"page","link":"http:\/\/laserraniahotel.com\/web\/noche-romantica\/","title":{"rendered":"Noche Rom\u00e1ntica"},"content":{"rendered":"<p><a href=\"http:\/\/laserraniahotel.com\/web\/wp-content\/uploads\/2013\/09\/DSC_5506.jpg\"><img loading=\"lazy\" class=\"alignnone  wp-image-383\" alt=\"DSC_5506\" src=\"http:\/\/laserraniahotel.com\/web\/wp-content\/uploads\/2013\/09\/DSC_5506.jpg\" width=\"960\" height=\"448\" \/><\/a><\/p>\n<div class=\"clearfix\"> <div class=\"one-half\"><span class=\"infoplan\">Decoraci\u00f3n especial de la habitaci\u00f3n, champagne, cena o almuerzo, desayuno a la habitaci\u00f3n, acceso a zona h\u00fameda, parqueadero cubierto, servicio m\u00e9dico e impuestos<\/span> <\/div> <div class=\"one-half last-col\">\n<h3 class=\"title1\">$350.000<\/h3>\n<\/div> <\/div>\n","protected":false},"excerpt":{"rendered":"","protected":false},"author":1,"featured_media":0,"parent":0,"menu_order":0,"comment_status":"open","ping_status":"open","template":"template-full-width.php","meta":[],"yoast_head":"<!-- This site is optimized with the Yoast SEO plugin v15.5 - https:\/\/yoast.com\/wordpress\/plugins\/seo\/ -->\n<title>Noche Rom\u00e1ntica - Hotel La Serrania - Hotel en Bucaramanga<\/title>\n<meta name=\"description\" content=\"Hotel en Bucaramanga. Hotel La Serrania, siempre te vas a sentir como en casa. Ubicado en el centro de negocios de Bucaramanga y a 30 minutos del Aeropuerto\" \/>\n<meta name=\"robots\" content=\"index, follow, max-snippet:-1, max-image-preview:large, max-video-preview:-1\" \/>\n<link rel=\"canonical\" href=\"http:\/\/laserraniahotel.com\/web\/noche-romantica\/\" \/>\n<meta property=\"og:locale\" content=\"es_ES\" \/>\n<meta property=\"og:type\" content=\"article\" \/>\n<meta property=\"og:title\" content=\"Noche Rom\u00e1ntica - Hotel La Serrania - Hotel en Bucaramanga\" \/>\n<meta property=\"og:description\" content=\"Hotel en Bucaramanga. Hotel La Serrania, siempre te vas a sentir como en casa. Ubicado en el centro de negocios de Bucaramanga y a 30 minutos del Aeropuerto\" \/>\n<meta property=\"og:url\" content=\"http:\/\/laserraniahotel.com\/web\/noche-romantica\/\" \/>\n<meta property=\"og:site_name\" content=\"Hotel La Serrania - Hotel en Bucaramanga\" \/>\n<meta property=\"article:publisher\" content=\"https:\/\/www.facebook.com\/laserraniahotel.bucaramanga\" \/>\n<meta property=\"article:modified_time\" content=\"2015-12-03T21:15:22+00:00\" \/>\n<meta property=\"og:image\" content=\"http:\/\/laserraniahotel.com\/web\/wp-content\/uploads\/2013\/09\/DSC_5506.jpg\" \/>\n<meta name=\"twitter:card\" content=\"summary_large_image\" \/>\n<meta name=\"twitter:site\" content=\"@HotelSerrania\" \/>\n<meta name=\"twitter:label1\" content=\"Tiempo de lectura\">\n\t<meta name=\"twitter:data1\" content=\"0 minutos\">\n<script type=\"application\/ld+json\" class=\"yoast-schema-graph\">{\"@context\":\"https:\/\/schema.org\",\"@graph\":[{\"@type\":\"WebSite\",\"@id\":\"https:\/\/laserraniahotel.com\/web\/#website\",\"url\":\"https:\/\/laserraniahotel.com\/web\/\",\"name\":\"Hotel La Serrania - Hotel en Bucaramanga\",\"description\":\"\",\"potentialAction\":[{\"@type\":\"SearchAction\",\"target\":\"https:\/\/laserraniahotel.com\/web\/?s={search_term_string}\",\"query-input\":\"required name=search_term_string\"}],\"inLanguage\":\"es\"},{\"@type\":\"ImageObject\",\"@id\":\"http:\/\/laserraniahotel.com\/web\/noche-romantica\/#primaryimage\",\"inLanguage\":\"es\",\"url\":\"http:\/\/laserraniahotel.com\/web\/wp-content\/uploads\/2013\/09\/DSC_5506.jpg\",\"width\":3936,\"height\":2624},{\"@type\":\"WebPage\",\"@id\":\"http:\/\/laserraniahotel.com\/web\/noche-romantica\/#webpage\",\"url\":\"http:\/\/laserraniahotel.com\/web\/noche-romantica\/\",\"name\":\"Noche Rom\\u00e1ntica - Hotel La Serrania - Hotel en Bucaramanga\",\"isPartOf\":{\"@id\":\"https:\/\/laserraniahotel.com\/web\/#website\"},\"primaryImageOfPage\":{\"@id\":\"http:\/\/laserraniahotel.com\/web\/noche-romantica\/#primaryimage\"},\"datePublished\":\"2013-08-20T12:33:00+00:00\",\"dateModified\":\"2015-12-03T21:15:22+00:00\",\"description\":\"Hotel en Bucaramanga. Hotel La Serrania, siempre te vas a sentir como en casa. Ubicado en el centro de negocios de Bucaramanga y a 30 minutos del Aeropuerto\",\"inLanguage\":\"es\",\"potentialAction\":[{\"@type\":\"ReadAction\",\"target\":[\"http:\/\/laserraniahotel.com\/web\/noche-romantica\/\"]}]}]}<\/script>\n<!-- \/ Yoast SEO plugin. -->","_links":{"self":[{"href":"http:\/\/laserraniahotel.com\/web\/wp-json\/wp\/v2\/pages\/116"}],"collection":[{"href":"http:\/\/laserraniahotel.com\/web\/wp-json\/wp\/v2\/pages"}],"about":[{"href":"http:\/\/laserraniahotel.com\/web\/wp-json\/wp\/v2\/types\/page"}],"author":[{"embeddable":true,"href":"http:\/\/laserraniahotel.com\/web\/wp-json\/wp\/v2\/users\/1"}],"replies":[{"embeddable":true,"href":"http:\/\/laserraniahotel.com\/web\/wp-json\/wp\/v2\/comments?post=116"}],"version-history":[{"count":21,"href":"http:\/\/laserraniahotel.com\/web\/wp-json\/wp\/v2\/pages\/116\/revisions"}],"predecessor-version":[{"id":384,"href":"http:\/\/laserraniahotel.com\/web\/wp-json\/wp\/v2\/pages\/116\/revisions\/384"}],"wp:attachment":[{"href":"http:\/\/laserraniahotel.com\/web\/wp-json\/wp\/v2\/media?parent=116"}],"curies":[{"name":"wp","href":"https:\/\/api.w.org\/{rel}","templated":true}]}}