{"id":150,"date":"2013-08-20T13:27:22","date_gmt":"2013-08-20T13:27:22","guid":{"rendered":"http:\/\/laserraniahotel.com\/web\/?page_id=150"},"modified":"2015-12-03T21:38:10","modified_gmt":"2015-12-03T21:38:10","slug":"zona-humeda","status":"publish","type":"page","link":"http:\/\/laserraniahotel.com\/web\/zona-humeda\/","title":{"rendered":"Zona h\u00fameda"},"content":{"rendered":"<p><a href=\"http:\/\/laserraniahotel.com\/web\/wp-content\/uploads\/2013\/08\/DSC_1.jpg\"><img loading=\"lazy\" class=\"alignnone  wp-image-390\" alt=\"DSC_1\" src=\"http:\/\/laserraniahotel.com\/web\/wp-content\/uploads\/2013\/08\/DSC_1.jpg\" width=\"960\" height=\"448\" \/><\/a><\/p>\n<p>El Hotel\u00a0cuenta con una confortable y moderna zona h\u00fameda ideal para iniciar o terminar un d\u00eda de descanso o trabajo.<\/p>\n<p><strong>Espejo de agua<\/strong>: Con un dise\u00f1o especial donde podr\u00e1 apreciar la panor\u00e1mica de la ciudad, especial para pasar un d\u00eda agradable en compa\u00f1\u00eda del sol. (Foto)<\/p>\n<p><strong>Turco:<\/strong>\u00a0ideal para relajarse despu\u00e9s de una larga jornada de trabajo o un extenuante ejercicio.<\/p>\n<p><strong>Jacuzzi:<\/strong>\u00a0 En \u00e9l usted podr\u00e1 disfrutar de la comodidad y el descanso de un lugar especialmente dise\u00f1ado para su relajamiento.<\/p>\n<p>&nbsp;<\/p>\n\r\n\t\t<style type='text\/css'>\r\n\t\t\t#gallery-1 {\r\n\t\t\t\tmargin: auto;\r\n\t\t\t}\r\n\t\t\t#gallery-1 .gallery-item {\r\n\t\t\t\tfloat: left;\r\n\t\t\t\tmargin-top: 10px;\r\n\t\t\t\ttext-align: center;\r\n\t\t\t\twidth: 25%;\r\n\t\t\t}\r\n\t\t\t#gallery-1 img {\r\n\t\t\t\tborder: 2px solid #cfcfcf;\r\n\t\t\t}\r\n\t\t\t#gallery-1 .gallery-caption {\r\n\t\t\t\tmargin-left: 0;\r\n\t\t\t}\r\n\t\t<\/style>\r\n\t\t<!-- see gallery_shortcode() in wp-includes\/media.php -->\n\t\t<div id='gallery-1' class='gallery galleryid-150 gallery-columns-4 gallery-size-thumbnail gallery1'><script type=\"text\/javascript\">\r\n\/\/ <![CDATA[\r\n\tjQuery(document).ready(function () {\r\n\t\tjQuery(\".gallery1 a\").attr(\"rel\",\"gallery1\");\t\r\n\t\tjQuery('a[rel=\"gallery1\"]').colorbox({maxWidth:\"95%\", maxHeight:\"95%\",title: function(){ return jQuery(this).children().attr(\"alt\"); }, });\r\n\t});\r\n\/\/ ]]>\r\n<\/script>\n<dl class=\"gallery-item\">\n<dt class=\"gallery-icon\">\r\n<a href=\"http:\/\/laserraniahotel.com\/web\/wp-content\/uploads\/2013\/08\/AAA1069.jpg\" title=\"\" rel=\"gallery1\"><img src=\"http:\/\/laserraniahotel.com\/web\/wp-content\/uploads\/2013\/08\/AAA1069-150x150.jpg\" width=\"150\" height=\"150\" alt=\"\" \/><\/a>\r\n<\/dt><\/dl><dl class=\"gallery-item\">\n<dt class=\"gallery-icon\">\r\n<a href=\"http:\/\/laserraniahotel.com\/web\/wp-content\/uploads\/2013\/08\/AAA1092.jpg\" title=\"\" rel=\"gallery1\"><img src=\"http:\/\/laserraniahotel.com\/web\/wp-content\/uploads\/2013\/08\/AAA1092-150x150.jpg\" width=\"150\" height=\"150\" alt=\"\" \/><\/a>\r\n<\/dt><\/dl><dl class=\"gallery-item\">\n<dt class=\"gallery-icon\">\r\n<a href=\"http:\/\/laserraniahotel.com\/web\/wp-content\/uploads\/2013\/08\/AAA1122.jpg\" title=\"\" rel=\"gallery1\"><img src=\"http:\/\/laserraniahotel.com\/web\/wp-content\/uploads\/2013\/08\/AAA1122-150x150.jpg\" width=\"150\" height=\"150\" alt=\"\" \/><\/a>\r\n<\/dt><\/dl><dl class=\"gallery-item\">\n<dt class=\"gallery-icon\">\r\n<a href=\"http:\/\/laserraniahotel.com\/web\/wp-content\/uploads\/2013\/08\/AAA1240.jpg\" title=\"\" rel=\"gallery1\"><img src=\"http:\/\/laserraniahotel.com\/web\/wp-content\/uploads\/2013\/08\/AAA1240-150x150.jpg\" width=\"150\" height=\"150\" alt=\"\" \/><\/a>\r\n<\/dt><\/dl><br style=\"clear: both\" \/><dl class=\"gallery-item\">\n<dt class=\"gallery-icon\">\r\n<a href=\"http:\/\/laserraniahotel.com\/web\/wp-content\/uploads\/2013\/08\/AAA1257.jpg\" title=\"\" rel=\"gallery1\"><img src=\"http:\/\/laserraniahotel.com\/web\/wp-content\/uploads\/2013\/08\/AAA1257-150x150.jpg\" width=\"150\" height=\"150\" alt=\"\" \/><\/a>\r\n<\/dt><\/dl><dl class=\"gallery-item\">\n<dt class=\"gallery-icon\">\r\n<a href=\"http:\/\/laserraniahotel.com\/web\/wp-content\/uploads\/2013\/08\/AAA1263.jpg\" title=\"\" rel=\"gallery1\"><img src=\"http:\/\/laserraniahotel.com\/web\/wp-content\/uploads\/2013\/08\/AAA1263-150x150.jpg\" width=\"150\" height=\"150\" alt=\"\" \/><\/a>\r\n<\/dt><\/dl><dl class=\"gallery-item\">\n<dt class=\"gallery-icon\">\r\n<a href=\"http:\/\/laserraniahotel.com\/web\/wp-content\/uploads\/2013\/08\/AAA1276.jpg\" title=\"\" rel=\"gallery1\"><img src=\"http:\/\/laserraniahotel.com\/web\/wp-content\/uploads\/2013\/08\/AAA1276-150x150.jpg\" width=\"150\" height=\"150\" alt=\"\" \/><\/a>\r\n<\/dt><\/dl>\r\n\t\t\t<br style='clear: both' \/>\r\n\t\t<\/div>\n\n","protected":false},"excerpt":{"rendered":"<p>El Hotel\u00a0cuenta con una confortable y moderna zona h\u00fameda ideal para iniciar o terminar un d\u00eda de descanso o trabajo. Espejo de agua: Con un <\/p>\n<p><a href=\"http:\/\/laserraniahotel.com\/web\/zona-humeda\/\" class=\"button2\">Read More &raquo;<\/a><\/p>\n","protected":false},"author":1,"featured_media":0,"parent":0,"menu_order":0,"comment_status":"open","ping_status":"open","template":"template-full-width.php","meta":[],"yoast_head":"<!-- This site is optimized with the Yoast SEO plugin v15.5 - https:\/\/yoast.com\/wordpress\/plugins\/seo\/ -->\n<title>Zona h\u00fameda - Hotel La Serrania - Hotel en Bucaramanga<\/title>\n<meta name=\"description\" content=\"Hotel en Bucaramanga. Hotel La Serrania, siempre te vas a sentir como en casa. Ubicado en el centro de negocios de Bucaramanga y a 30 minutos del Aeropuerto\" \/>\n<meta name=\"robots\" content=\"index, follow, max-snippet:-1, max-image-preview:large, max-video-preview:-1\" \/>\n<link rel=\"canonical\" href=\"http:\/\/laserraniahotel.com\/web\/zona-humeda\/\" \/>\n<meta property=\"og:locale\" content=\"es_ES\" \/>\n<meta property=\"og:type\" content=\"article\" \/>\n<meta property=\"og:title\" content=\"Zona h\u00fameda - Hotel La Serrania - Hotel en Bucaramanga\" \/>\n<meta property=\"og:description\" content=\"Hotel en Bucaramanga. Hotel La Serrania, siempre te vas a sentir como en casa. Ubicado en el centro de negocios de Bucaramanga y a 30 minutos del Aeropuerto\" \/>\n<meta property=\"og:url\" content=\"http:\/\/laserraniahotel.com\/web\/zona-humeda\/\" \/>\n<meta property=\"og:site_name\" content=\"Hotel La Serrania - Hotel en Bucaramanga\" \/>\n<meta property=\"article:publisher\" content=\"https:\/\/www.facebook.com\/laserraniahotel.bucaramanga\" \/>\n<meta property=\"article:modified_time\" content=\"2015-12-03T21:38:10+00:00\" \/>\n<meta property=\"og:image\" content=\"http:\/\/laserraniahotel.com\/web\/wp-content\/uploads\/2013\/08\/AAA1069-150x150.jpg\" \/>\n<meta name=\"twitter:card\" content=\"summary_large_image\" \/>\n<meta name=\"twitter:site\" content=\"@HotelSerrania\" \/>\n<meta name=\"twitter:label1\" content=\"Tiempo de lectura\">\n\t<meta name=\"twitter:data1\" content=\"0 minutos\">\n<script type=\"application\/ld+json\" class=\"yoast-schema-graph\">{\"@context\":\"https:\/\/schema.org\",\"@graph\":[{\"@type\":\"WebSite\",\"@id\":\"https:\/\/laserraniahotel.com\/web\/#website\",\"url\":\"https:\/\/laserraniahotel.com\/web\/\",\"name\":\"Hotel La Serrania - Hotel en Bucaramanga\",\"description\":\"\",\"potentialAction\":[{\"@type\":\"SearchAction\",\"target\":\"https:\/\/laserraniahotel.com\/web\/?s={search_term_string}\",\"query-input\":\"required name=search_term_string\"}],\"inLanguage\":\"es\"},{\"@type\":\"ImageObject\",\"@id\":\"http:\/\/laserraniahotel.com\/web\/zona-humeda\/#primaryimage\",\"inLanguage\":\"es\",\"url\":\"http:\/\/laserraniahotel.com\/web\/wp-content\/uploads\/2013\/08\/DSC_1.jpg\",\"width\":2708,\"height\":1808},{\"@type\":\"WebPage\",\"@id\":\"http:\/\/laserraniahotel.com\/web\/zona-humeda\/#webpage\",\"url\":\"http:\/\/laserraniahotel.com\/web\/zona-humeda\/\",\"name\":\"Zona h\\u00fameda - Hotel La Serrania - Hotel en Bucaramanga\",\"isPartOf\":{\"@id\":\"https:\/\/laserraniahotel.com\/web\/#website\"},\"primaryImageOfPage\":{\"@id\":\"http:\/\/laserraniahotel.com\/web\/zona-humeda\/#primaryimage\"},\"datePublished\":\"2013-08-20T13:27:22+00:00\",\"dateModified\":\"2015-12-03T21:38:10+00:00\",\"description\":\"Hotel en Bucaramanga. Hotel La Serrania, siempre te vas a sentir como en casa. Ubicado en el centro de negocios de Bucaramanga y a 30 minutos del Aeropuerto\",\"inLanguage\":\"es\",\"potentialAction\":[{\"@type\":\"ReadAction\",\"target\":[\"http:\/\/laserraniahotel.com\/web\/zona-humeda\/\"]}]}]}<\/script>\n<!-- \/ Yoast SEO plugin. -->","_links":{"self":[{"href":"http:\/\/laserraniahotel.com\/web\/wp-json\/wp\/v2\/pages\/150"}],"collection":[{"href":"http:\/\/laserraniahotel.com\/web\/wp-json\/wp\/v2\/pages"}],"about":[{"href":"http:\/\/laserraniahotel.com\/web\/wp-json\/wp\/v2\/types\/page"}],"author":[{"embeddable":true,"href":"http:\/\/laserraniahotel.com\/web\/wp-json\/wp\/v2\/users\/1"}],"replies":[{"embeddable":true,"href":"http:\/\/laserraniahotel.com\/web\/wp-json\/wp\/v2\/comments?post=150"}],"version-history":[{"count":5,"href":"http:\/\/laserraniahotel.com\/web\/wp-json\/wp\/v2\/pages\/150\/revisions"}],"predecessor-version":[{"id":391,"href":"http:\/\/laserraniahotel.com\/web\/wp-json\/wp\/v2\/pages\/150\/revisions\/391"}],"wp:attachment":[{"href":"http:\/\/laserraniahotel.com\/web\/wp-json\/wp\/v2\/media?parent=150"}],"curies":[{"name":"wp","href":"https:\/\/api.w.org\/{rel}","templated":true}]}}