{"id":273,"date":"2013-11-28T21:32:09","date_gmt":"2013-11-28T21:32:09","guid":{"rendered":"http:\/\/laserraniahotel.com\/web\/?page_id=273"},"modified":"2018-04-18T18:46:25","modified_gmt":"2018-04-18T18:46:25","slug":"spa-y-relajacion","status":"publish","type":"page","link":"http:\/\/laserraniahotel.com\/web\/spa-y-relajacion\/","title":{"rendered":"Spa y relajaci\u00f3n"},"content":{"rendered":"<p><img loading=\"lazy\" width=\"719\" height=\"522\" class=\"size-full wp-image-274 aligncenter\" alt=\"spa-serrania-planes\" src=\"http:\/\/laserraniahotel.com\/web\/wp-content\/uploads\/2013\/11\/spa-serrania-planes.jpg\" srcset=\"http:\/\/laserraniahotel.com\/web\/wp-content\/uploads\/2013\/11\/spa-serrania-planes.jpg 719w, http:\/\/laserraniahotel.com\/web\/wp-content\/uploads\/2013\/11\/spa-serrania-planes-300x217.jpg 300w, http:\/\/laserraniahotel.com\/web\/wp-content\/uploads\/2013\/11\/spa-serrania-planes-100x72.jpg 100w, http:\/\/laserraniahotel.com\/web\/wp-content\/uploads\/2013\/11\/spa-serrania-planes-106x77.jpg 106w\" sizes=\"(max-width: 719px) 100vw, 719px\" \/><\/p>\n<div class=\"clearfix\">\n<div class=\"one-half\">\n<h3 class=\"title1\">TERAPIA 1<\/h3>\n<p><span class=\"infoplan\">Quiromasaje de espalda<br \/>\nDuraci\u00f3n 40 minutos.<\/span><\/p>\n<\/div>\n<div class=\"one-half last-col\">\n<p>&nbsp;<\/p>\n<h3>Valor 1 persona: $212.000<\/h3>\n<h3>Valor 2 Personas: $252.000<\/h3>\n<\/div>\n<\/div>\n<p>&nbsp;<\/p>\n<div class=\"clearfix\">\n<div class=\"one-half\">\n<h3 class=\"title1\">TERAPIA 2<\/h3>\n<p><span class=\"infoplan\"><br \/>\nMusicoterapia, aromaterapia, exfoliaci\u00f3n corporal + Masaje relajante todo el cuerpo + turco<br \/>\nDuraci\u00f3n: 1:30 Hora<br \/>\n<\/span> <\/div>\n<div class=\"one-half last-col\">\n<p>&nbsp;<\/p>\n<h3>Valor 1 persona: $235.000<\/h3>\n<h3>Valor 2 personas: $293.000<\/h3>\n<\/div>\n<\/div>\n<p>&nbsp;<\/p>\n<div class=\"clearfix\">\n<div class=\"one-half\">\n<h3 class=\"title1\">TERAPIA 3<\/h3>\n<p><span class=\"infoplan\"><br \/>\nMusicoterapia, aromaterapia, limpieza facial profunda con microdermoabrasi\u00f3n + masaje relajante todo el cuerpo (Este se puede masaje todo el cuerpo o solo cuello y espalda) (Opcional)<br \/>\nDuraci\u00f3n: 2 Horas (Cuerpo entero)<br \/>\n<\/span> <\/div>\n<div class=\"one-half last-col\">\n<p>&nbsp;<\/p>\n<h3>Valor 1 persona: $310.000<\/h3>\n<h3>Valor 2 personas: $340.000<\/h3>\n<\/div>\n<\/div>\n<p>&nbsp;<\/p>\n<div class=\"clearfix\">\n<div class=\"one-half\">\n<h3 class=\"title1\">TERAPIA 4<\/h3>\n<p><span class=\"infoplan\"><br \/>\nMasaje relajante, reflexolog\u00eda podal, exfoliaci\u00f3n facial, mascarilla hidratante natural (Vino, frutas o chocolate), ba\u00f1o a vapor o jacuzzi, Bebida fr\u00eda<br \/>\nDuraci\u00f3n: 2:30 horas<br \/>\n<\/span> <\/div>\n<div class=\"one-half last-col\">\n<p>&nbsp;<\/p>\n<h3>Valor 1 persona: $300.000<\/h3>\n<h3>Valor 2 personas: $410.000<\/h3>\n<\/div>\n<\/div>\n<p>&nbsp;<\/p>\n<div class=\"clearfix\">\n<div class=\"one-half\">\n<h3 class=\"title1\">TERAPIA 5<\/h3>\n<p><span class=\"infoplan\">Cocktail de Bienvenida, musicoterapia, aromaterapia, exfoliaci\u00f3n corporal, masaje capilar hidratante, limpieza facial profunda con microdermoabrasi\u00f3n, hidrataci\u00f3n con velo de col\u00e1geno, masaje relajante con bamb\u00fa terapia, mascarilla de chocolate, jacuzzi, ensalada de frutas y obsequio.<br \/>\n<\/span> <\/div>\n<div class=\"one-half last-col\">\n<p>&nbsp;<\/p>\n<h3>Valor 1 persona: $390.000<\/h3>\n<h3>Valor 2 personas: $533.000<\/h3>\n<\/div>\n<\/div>\n<p>&nbsp;<\/p>\n<div class=\"clearfix\"><\/div>\n<div class=\"one-half\"><\/div>\n<h3 class=\"title1\"><\/h3>\n","protected":false},"excerpt":{"rendered":"<p>&nbsp; &nbsp; &nbsp; &nbsp; &nbsp;<\/p>\n","protected":false},"author":1,"featured_media":0,"parent":0,"menu_order":0,"comment_status":"open","ping_status":"open","template":"template-full-width.php","meta":[],"yoast_head":"<!-- This site is optimized with the Yoast SEO plugin v15.5 - https:\/\/yoast.com\/wordpress\/plugins\/seo\/ -->\n<title>Spa y relajaci\u00f3n - Hotel La Serrania - Hotel en Bucaramanga<\/title>\n<meta name=\"description\" content=\"Hotel en Bucaramanga. Hotel La Serrania, siempre te vas a sentir como en casa. Ubicado en el centro de negocios de Bucaramanga y a 30 minutos del Aeropuerto\" \/>\n<meta name=\"robots\" content=\"index, follow, max-snippet:-1, max-image-preview:large, max-video-preview:-1\" \/>\n<link rel=\"canonical\" href=\"http:\/\/laserraniahotel.com\/web\/spa-y-relajacion\/\" \/>\n<meta property=\"og:locale\" content=\"es_ES\" \/>\n<meta property=\"og:type\" content=\"article\" \/>\n<meta property=\"og:title\" content=\"Spa y relajaci\u00f3n - Hotel La Serrania - Hotel en Bucaramanga\" \/>\n<meta property=\"og:description\" content=\"Hotel en Bucaramanga. Hotel La Serrania, siempre te vas a sentir como en casa. Ubicado en el centro de negocios de Bucaramanga y a 30 minutos del Aeropuerto\" \/>\n<meta property=\"og:url\" content=\"http:\/\/laserraniahotel.com\/web\/spa-y-relajacion\/\" \/>\n<meta property=\"og:site_name\" content=\"Hotel La Serrania - Hotel en Bucaramanga\" \/>\n<meta property=\"article:publisher\" content=\"https:\/\/www.facebook.com\/laserraniahotel.bucaramanga\" \/>\n<meta property=\"article:modified_time\" content=\"2018-04-18T18:46:25+00:00\" \/>\n<meta property=\"og:image\" content=\"http:\/\/laserraniahotel.com\/web\/wp-content\/uploads\/2013\/11\/spa-serrania-planes.jpg\" \/>\n<meta name=\"twitter:card\" content=\"summary_large_image\" \/>\n<meta name=\"twitter:site\" content=\"@HotelSerrania\" \/>\n<meta name=\"twitter:label1\" content=\"Tiempo de lectura\">\n\t<meta name=\"twitter:data1\" content=\"1 minuto\">\n<script type=\"application\/ld+json\" class=\"yoast-schema-graph\">{\"@context\":\"https:\/\/schema.org\",\"@graph\":[{\"@type\":\"WebSite\",\"@id\":\"https:\/\/laserraniahotel.com\/web\/#website\",\"url\":\"https:\/\/laserraniahotel.com\/web\/\",\"name\":\"Hotel La Serrania - Hotel en Bucaramanga\",\"description\":\"\",\"potentialAction\":[{\"@type\":\"SearchAction\",\"target\":\"https:\/\/laserraniahotel.com\/web\/?s={search_term_string}\",\"query-input\":\"required name=search_term_string\"}],\"inLanguage\":\"es\"},{\"@type\":\"ImageObject\",\"@id\":\"http:\/\/laserraniahotel.com\/web\/spa-y-relajacion\/#primaryimage\",\"inLanguage\":\"es\",\"url\":\"http:\/\/laserraniahotel.com\/web\/wp-content\/uploads\/2013\/11\/spa-serrania-planes.jpg\",\"width\":719,\"height\":522},{\"@type\":\"WebPage\",\"@id\":\"http:\/\/laserraniahotel.com\/web\/spa-y-relajacion\/#webpage\",\"url\":\"http:\/\/laserraniahotel.com\/web\/spa-y-relajacion\/\",\"name\":\"Spa y relajaci\\u00f3n - Hotel La Serrania - Hotel en Bucaramanga\",\"isPartOf\":{\"@id\":\"https:\/\/laserraniahotel.com\/web\/#website\"},\"primaryImageOfPage\":{\"@id\":\"http:\/\/laserraniahotel.com\/web\/spa-y-relajacion\/#primaryimage\"},\"datePublished\":\"2013-11-28T21:32:09+00:00\",\"dateModified\":\"2018-04-18T18:46:25+00:00\",\"description\":\"Hotel en Bucaramanga. Hotel La Serrania, siempre te vas a sentir como en casa. Ubicado en el centro de negocios de Bucaramanga y a 30 minutos del Aeropuerto\",\"inLanguage\":\"es\",\"potentialAction\":[{\"@type\":\"ReadAction\",\"target\":[\"http:\/\/laserraniahotel.com\/web\/spa-y-relajacion\/\"]}]}]}<\/script>\n<!-- \/ Yoast SEO plugin. -->","_links":{"self":[{"href":"http:\/\/laserraniahotel.com\/web\/wp-json\/wp\/v2\/pages\/273"}],"collection":[{"href":"http:\/\/laserraniahotel.com\/web\/wp-json\/wp\/v2\/pages"}],"about":[{"href":"http:\/\/laserraniahotel.com\/web\/wp-json\/wp\/v2\/types\/page"}],"author":[{"embeddable":true,"href":"http:\/\/laserraniahotel.com\/web\/wp-json\/wp\/v2\/users\/1"}],"replies":[{"embeddable":true,"href":"http:\/\/laserraniahotel.com\/web\/wp-json\/wp\/v2\/comments?post=273"}],"version-history":[{"count":26,"href":"http:\/\/laserraniahotel.com\/web\/wp-json\/wp\/v2\/pages\/273\/revisions"}],"predecessor-version":[{"id":427,"href":"http:\/\/laserraniahotel.com\/web\/wp-json\/wp\/v2\/pages\/273\/revisions\/427"}],"wp:attachment":[{"href":"http:\/\/laserraniahotel.com\/web\/wp-json\/wp\/v2\/media?parent=273"}],"curies":[{"name":"wp","href":"https:\/\/api.w.org\/{rel}","templated":true}]}}